{"id":11,"date":"2021-09-20T20:21:00","date_gmt":"2021-09-20T20:21:00","guid":{"rendered":"http:\/\/localhost:10009\/?page_id=8"},"modified":"2023-10-25T17:21:35","modified_gmt":"2023-10-25T15:21:35","slug":"gite-villa-panama","status":"publish","type":"page","link":"https:\/\/villa-panama.fr\/en\/gite-villa-panama\/","title":{"rendered":"House"},"content":{"rendered":"<div class=\"wp-block-cover alignright is-light\"><span aria-hidden=\"true\" class=\"wp-block-cover__background has-background-dim-0 has-background-dim\"><\/span><img decoding=\"async\" loading=\"lazy\" width=\"1440\" height=\"1080\" class=\"wp-block-cover__image-background wp-image-70\" alt=\"Salle \u00e0 manger\" src=\"http:\/\/villa-panama.fr\/wp-content\/uploads\/2021\/10\/ab46a918-b65c-42ae-9e7e-9c0044186611.jpeg\" data-object-fit=\"cover\" srcset=\"https:\/\/villa-panama.fr\/wp-content\/uploads\/2021\/10\/ab46a918-b65c-42ae-9e7e-9c0044186611.jpeg 1440w, https:\/\/villa-panama.fr\/wp-content\/uploads\/2021\/10\/ab46a918-b65c-42ae-9e7e-9c0044186611-300x225.jpeg 300w, https:\/\/villa-panama.fr\/wp-content\/uploads\/2021\/10\/ab46a918-b65c-42ae-9e7e-9c0044186611-1024x768.jpeg 1024w, https:\/\/villa-panama.fr\/wp-content\/uploads\/2021\/10\/ab46a918-b65c-42ae-9e7e-9c0044186611-768x576.jpeg 768w\" sizes=\"(max-width: 1440px) 100vw, 1440px\" \/><div class=\"wp-block-cover__inner-container is-layout-flow wp-block-cover-is-layout-flow\">\n<p class=\"has-text-align-center has-large-font-size\"><\/p>\n<\/div><\/div>\n\n\n\n<p class=\"has-normal-font-size\"><br>La villa Panama est une grande maison ancienne en pierres de taille, enti\u00e8rement r\u00e9nov\u00e9e, dans la vall\u00e9e de l&rsquo;Ouche, \u00e0 proximit\u00e9 de Beaune, Nuits-St-Georges et Dijon.<br>Vous disposerez d&rsquo;une grande terrasse orient\u00e9e plein sud et coin repas avec barbecue.<br>Les enfants pourront profiter d&rsquo;un espace vert de plus de 2000m2 avec aire de jeux, piscine pour enfant, cabane, boulodrome et poulailler.<br>A l&rsquo;int\u00e9rieur , un salon avec Internet, TV, vid\u00e9o et coffres \u00e0 jouets, une salle \u00e0 manger pouvant accueillir 15 personnes, ainsi que de 5 chambres spacieuses. Pour vous d\u00e9tendre vous pourrez descendre dans le caveau vo\u00fbt\u00e9 avec babyfoot et jeu de fl\u00e9chettes. <br><meta charset=\"utf-8\">Possibilit\u00e9 de mettre \u00e0 disposition un traiteur ou une cuisini\u00e8re.<\/p>\n\n\n\n<div style=\"height:50px\" aria-hidden=\"true\" class=\"wp-block-spacer\"><\/div>\n\n\n\n<div class=\"wp-block-cover alignleft\"><span aria-hidden=\"true\" class=\"wp-block-cover__background has-background-dim-0 has-background-dim\"><\/span><img decoding=\"async\" loading=\"lazy\" width=\"1440\" height=\"1080\" class=\"wp-block-cover__image-background wp-image-50\" alt=\"\" src=\"http:\/\/villa-panama.fr\/wp-content\/uploads\/2021\/10\/3e10b3c2-248f-400e-b295-a6596a8aa3b3.jpeg\" style=\"object-position:52% 69%\" data-object-fit=\"cover\" data-object-position=\"52% 69%\" srcset=\"https:\/\/villa-panama.fr\/wp-content\/uploads\/2021\/10\/3e10b3c2-248f-400e-b295-a6596a8aa3b3.jpeg 1440w, https:\/\/villa-panama.fr\/wp-content\/uploads\/2021\/10\/3e10b3c2-248f-400e-b295-a6596a8aa3b3-300x225.jpeg 300w, https:\/\/villa-panama.fr\/wp-content\/uploads\/2021\/10\/3e10b3c2-248f-400e-b295-a6596a8aa3b3-1024x768.jpeg 1024w, https:\/\/villa-panama.fr\/wp-content\/uploads\/2021\/10\/3e10b3c2-248f-400e-b295-a6596a8aa3b3-768x576.jpeg 768w\" sizes=\"(max-width: 1440px) 100vw, 1440px\" \/><div class=\"wp-block-cover__inner-container is-layout-flow wp-block-cover-is-layout-flow\">\n<p class=\"has-text-align-center has-large-font-size\"><\/p>\n<\/div><\/div>\n\n\n\n<p class=\"has-text-align-left\"><strong>Le logement <br><\/strong> <br>Vous profiterez du calme de la campagne de Bourgogne.<br>La villa dispose de tout le n\u00e9cessaire en couchage avec cinq grandes chambres sur 4 niveaux ainsi que 4 salles d&rsquo;eau. La cinqui\u00e8me chambre est un studio en rez-de-jardin avec entr\u00e9e ind\u00e9pendante et portes-fen\u00eatres offrant une vue sur le jardin sans vis-\u00e0-vis.<br>Le jardin comprend un grand espace de jeux pour les enfants (balan\u00e7oires, trampoline, piscine-enfants, cabane, boules). <\/p>\n\n\n\n<p class=\"has-text-align-left\">Grand parking avec possibilit\u00e9 d&rsquo;acc\u00e8s \u00e0 un garage ferm\u00e9 pour un ou deux v\u00e9hicules, et prise de courant.<\/p>\n\n\n\n<div style=\"height:100px\" aria-hidden=\"true\" class=\"wp-block-spacer\"><\/div>\n\n\n\n<div class=\"wp-block-cover alignright\"><span aria-hidden=\"true\" class=\"wp-block-cover__background has-background-dim-0 has-background-dim\"><\/span><img decoding=\"async\" loading=\"lazy\" width=\"1440\" height=\"1080\" class=\"wp-block-cover__image-background wp-image-62\" alt=\"\" src=\"http:\/\/villa-panama.fr\/wp-content\/uploads\/2021\/10\/5621ce0a-49c9-419b-bd96-06c719fe08d8.jpeg\" style=\"object-position:42% 69%\" data-object-fit=\"cover\" data-object-position=\"42% 69%\" srcset=\"https:\/\/villa-panama.fr\/wp-content\/uploads\/2021\/10\/5621ce0a-49c9-419b-bd96-06c719fe08d8.jpeg 1440w, https:\/\/villa-panama.fr\/wp-content\/uploads\/2021\/10\/5621ce0a-49c9-419b-bd96-06c719fe08d8-300x225.jpeg 300w, https:\/\/villa-panama.fr\/wp-content\/uploads\/2021\/10\/5621ce0a-49c9-419b-bd96-06c719fe08d8-1024x768.jpeg 1024w, https:\/\/villa-panama.fr\/wp-content\/uploads\/2021\/10\/5621ce0a-49c9-419b-bd96-06c719fe08d8-768x576.jpeg 768w\" sizes=\"(max-width: 1440px) 100vw, 1440px\" \/><div class=\"wp-block-cover__inner-container is-layout-flow wp-block-cover-is-layout-flow\">\n<p class=\"has-text-align-center has-large-font-size\"><\/p>\n<\/div><\/div>\n\n\n\n<p><meta charset=\"utf-8\"><strong>Acc\u00e8s des voyageurs<br><\/strong><\/p>\n\n\n\n<p>La villa est situ\u00e9e \u00e0 10 kilom\u00e8tres d&rsquo;une sortie de l&rsquo;autoroute A38, \u00e0 27 kilom\u00e8tres de la gare de Dijon.<\/p>\n\n\n\n<p><\/p>\n\n\n\n<p><\/p>\n\n\n\n<div style=\"height:100px\" aria-hidden=\"true\" class=\"wp-block-spacer\"><\/div>\n\n\n\n<div class=\"wp-block-cover alignleft\"><span aria-hidden=\"true\" class=\"wp-block-cover__background has-background-dim-0 has-background-dim\"><\/span><img decoding=\"async\" class=\"wp-block-cover__image-background wp-image-84\" alt=\"\" src=\"http:\/\/villa-panama.fr\/wp-content\/uploads\/2021\/10\/fb3eeb92-0415-48d8-9e64-639ff9e408f1.jpeg\" style=\"object-position:71% 56%\" data-object-fit=\"cover\" data-object-position=\"71% 56%\"\/><div class=\"wp-block-cover__inner-container is-layout-flow wp-block-cover-is-layout-flow\">\n<p><\/p>\n<\/div><\/div>\n\n\n\n<p><strong> <meta charset=\"utf-8\">Autres remarques<br><\/strong><\/p>\n\n\n\n<ul>\n<li>Cuisine enti\u00e8rement \u00e9quip\u00e9e (cafeti\u00e8res \u00e0 filtre, italienne et Sens\u00e9o).<\/li>\n\n\n\n<li>Chauffage centralis\u00e9<\/li>\n\n\n\n<li>Draps, serviettes et gants \u00e0 volont\u00e9 sans suppl\u00e9ment.<\/li>\n\n\n\n<li>Pas de frais de m\u00e9nage suppl\u00e9mentaires.<\/li>\n\n\n\n<li>Supermarch\u00e9s, pharmacies et stations-services \u00e0 12 kilom\u00e8tres.<\/li>\n\n\n\n<li>March\u00e9 alimentaire et artisanal du dimanche matin au centre du village.<\/li>\n\n\n\n<li>Nombreuses randonn\u00e9es p\u00e9destres ou cyclistes depuis la villa.<\/li>\n\n\n\n<li>Visites des caves (r\u00e9gions de Beaune et Nuits-St-Georges)<\/li>\n\n\n\n<li>Baignades au lac am\u00e9nag\u00e9 de Pantier (12 km).<\/li>\n\n\n\n<li>Visite au ch\u00e2teau m\u00e9di\u00e9val de Chateauneuf (13 km).<\/li>\n\n\n\n<li>Visite au parc animalier de l&rsquo;Auxois (38 km)<\/li>\n\n\n\n<li>Golf de La Chassagne \u00e0 10 km.<\/li>\n\n\n\n<li>Circuits automobiles de Dijon-Prenois (22 km) et de l&rsquo;Auxois-sud (27 km).<\/li>\n<\/ul>\n\n\n\n<div style=\"height:50px\" aria-hidden=\"true\" class=\"wp-block-spacer\"><\/div>\n\n\n\n<div class=\"wp-block-buttons is-horizontal is-content-justification-center is-layout-flex wp-container-5 wp-block-buttons-is-layout-flex\">\n<div class=\"wp-block-button\"><a class=\"wp-block-button__link wp-element-button\" href=\"http:\/\/villa-panama.fr\/en\/reservation\/\">je RESERVE<\/a><\/div>\n<\/div>","protected":false},"excerpt":{"rendered":"<p>La villa Panama est une grande maison ancienne en pierres de taille, enti\u00e8rement r\u00e9nov\u00e9e, dans la vall\u00e9e de l&rsquo;Ouche, \u00e0 proximit\u00e9 de Beaune, Nuits-St-Georges et Dijon.Vous disposerez d&rsquo;une grande terrasse orient\u00e9e plein sud et coin repas avec barbecue.Les enfants pourront profiter d&rsquo;un espace vert de plus de 2000m2 avec aire de jeux, piscine pour enfant, &hellip; <\/p>\n<p class=\"link-more\"><a href=\"https:\/\/villa-panama.fr\/en\/gite-villa-panama\/\" class=\"more-link\">Read more<span class=\"screen-reader-text\"> \u00ab\u00a0Le g\u00eete\u00a0\u00bb<\/span><\/a><\/p>","protected":false},"author":1,"featured_media":0,"parent":0,"menu_order":0,"comment_status":"closed","ping_status":"closed","template":"","meta":{"footnotes":"","_vp_format_video_url":"","_vp_image_focal_point":[]},"yoast_head":"<!-- This site is optimized with the Yoast SEO plugin v22.6 - https:\/\/yoast.com\/wordpress\/plugins\/seo\/ -->\n<title>Le g\u00eete - La Villa Panama, maison r\u00e9nov\u00e9 en pierre<\/title>\n<meta name=\"description\" content=\"La villa Panama est une grande maison ancienne en pierre enti\u00e8rement r\u00e9nov\u00e9 avec go\u00fbt. Vous serez conquis par son ext\u00e9rieur orient\u00e9 plein sud d&#039;une superficie de plus de 3000m2.\" \/>\n<meta name=\"robots\" content=\"index, follow, max-snippet:-1, max-image-preview:large, max-video-preview:-1\" \/>\n<link rel=\"canonical\" href=\"https:\/\/villa-panama.fr\/en\/gite-villa-panama\/\" \/>\n<meta property=\"og:locale\" content=\"en_GB\" \/>\n<meta property=\"og:type\" content=\"article\" \/>\n<meta property=\"og:title\" content=\"Le g\u00eete - La Villa Panama, maison r\u00e9nov\u00e9 en pierre\" \/>\n<meta property=\"og:description\" content=\"La villa Panama est une grande maison ancienne en pierre enti\u00e8rement r\u00e9nov\u00e9 avec go\u00fbt. Vous serez conquis par son ext\u00e9rieur orient\u00e9 plein sud d&#039;une superficie de plus de 3000m2.\" \/>\n<meta property=\"og:url\" content=\"https:\/\/villa-panama.fr\/en\/gite-villa-panama\/\" \/>\n<meta property=\"og:site_name\" content=\"Villa Panama\" \/>\n<meta property=\"article:modified_time\" content=\"2023-10-25T15:21:35+00:00\" \/>\n<meta property=\"og:image\" content=\"http:\/\/villa-panama.fr\/wp-content\/uploads\/2021\/10\/ab46a918-b65c-42ae-9e7e-9c0044186611.jpeg\" \/>\n<meta name=\"twitter:card\" content=\"summary_large_image\" \/>\n<meta name=\"twitter:label1\" content=\"Estimated reading time\" \/>\n\t<meta name=\"twitter:data1\" content=\"3 minutes\" \/>\n<script type=\"application\/ld+json\" class=\"yoast-schema-graph\">{\"@context\":\"https:\/\/schema.org\",\"@graph\":[{\"@type\":\"WebPage\",\"@id\":\"https:\/\/villa-panama.fr\/gite-villa-panama\/\",\"url\":\"https:\/\/villa-panama.fr\/gite-villa-panama\/\",\"name\":\"Le g\u00eete - La Villa Panama, maison r\u00e9nov\u00e9 en pierre\",\"isPartOf\":{\"@id\":\"https:\/\/villa-panama.fr\/#website\"},\"primaryImageOfPage\":{\"@id\":\"https:\/\/villa-panama.fr\/gite-villa-panama\/#primaryimage\"},\"image\":{\"@id\":\"https:\/\/villa-panama.fr\/gite-villa-panama\/#primaryimage\"},\"thumbnailUrl\":\"http:\/\/villa-panama.fr\/wp-content\/uploads\/2021\/10\/ab46a918-b65c-42ae-9e7e-9c0044186611.jpeg\",\"datePublished\":\"2021-09-20T20:21:00+00:00\",\"dateModified\":\"2023-10-25T15:21:35+00:00\",\"description\":\"La villa Panama est une grande maison ancienne en pierre enti\u00e8rement r\u00e9nov\u00e9 avec go\u00fbt. Vous serez conquis par son ext\u00e9rieur orient\u00e9 plein sud d'une superficie de plus de 3000m2.\",\"breadcrumb\":{\"@id\":\"https:\/\/villa-panama.fr\/gite-villa-panama\/#breadcrumb\"},\"inLanguage\":\"en-GB\",\"potentialAction\":[{\"@type\":\"ReadAction\",\"target\":[\"https:\/\/villa-panama.fr\/gite-villa-panama\/\"]}]},{\"@type\":\"ImageObject\",\"inLanguage\":\"en-GB\",\"@id\":\"https:\/\/villa-panama.fr\/gite-villa-panama\/#primaryimage\",\"url\":\"http:\/\/villa-panama.fr\/wp-content\/uploads\/2021\/10\/ab46a918-b65c-42ae-9e7e-9c0044186611.jpeg\",\"contentUrl\":\"http:\/\/villa-panama.fr\/wp-content\/uploads\/2021\/10\/ab46a918-b65c-42ae-9e7e-9c0044186611.jpeg\"},{\"@type\":\"BreadcrumbList\",\"@id\":\"https:\/\/villa-panama.fr\/gite-villa-panama\/#breadcrumb\",\"itemListElement\":[{\"@type\":\"ListItem\",\"position\":1,\"name\":\"Accueil\",\"item\":\"http:\/\/villa-panama.fr\/\"},{\"@type\":\"ListItem\",\"position\":2,\"name\":\"Le g\u00eete\"}]},{\"@type\":\"WebSite\",\"@id\":\"https:\/\/villa-panama.fr\/#website\",\"url\":\"https:\/\/villa-panama.fr\/\",\"name\":\"Villa Panama\",\"description\":\"Barbirey-sur-Ouche\",\"potentialAction\":[{\"@type\":\"SearchAction\",\"target\":{\"@type\":\"EntryPoint\",\"urlTemplate\":\"https:\/\/villa-panama.fr\/?s={search_term_string}\"},\"query-input\":\"required name=search_term_string\"}],\"inLanguage\":\"en-GB\"}]}<\/script>\n<!-- \/ Yoast SEO plugin. -->","yoast_head_json":{"title":"Le g\u00eete - La Villa Panama, maison r\u00e9nov\u00e9 en pierre","description":"La villa Panama est une grande maison ancienne en pierre enti\u00e8rement r\u00e9nov\u00e9 avec go\u00fbt. Vous serez conquis par son ext\u00e9rieur orient\u00e9 plein sud d'une superficie de plus de 3000m2.","robots":{"index":"index","follow":"follow","max-snippet":"max-snippet:-1","max-image-preview":"max-image-preview:large","max-video-preview":"max-video-preview:-1"},"canonical":"https:\/\/villa-panama.fr\/en\/gite-villa-panama\/","og_locale":"en_GB","og_type":"article","og_title":"Le g\u00eete - La Villa Panama, maison r\u00e9nov\u00e9 en pierre","og_description":"La villa Panama est une grande maison ancienne en pierre enti\u00e8rement r\u00e9nov\u00e9 avec go\u00fbt. Vous serez conquis par son ext\u00e9rieur orient\u00e9 plein sud d'une superficie de plus de 3000m2.","og_url":"https:\/\/villa-panama.fr\/en\/gite-villa-panama\/","og_site_name":"Villa Panama","article_modified_time":"2023-10-25T15:21:35+00:00","og_image":[{"url":"http:\/\/villa-panama.fr\/wp-content\/uploads\/2021\/10\/ab46a918-b65c-42ae-9e7e-9c0044186611.jpeg"}],"twitter_card":"summary_large_image","twitter_misc":{"Estimated reading time":"3 minutes"},"schema":{"@context":"https:\/\/schema.org","@graph":[{"@type":"WebPage","@id":"https:\/\/villa-panama.fr\/gite-villa-panama\/","url":"https:\/\/villa-panama.fr\/gite-villa-panama\/","name":"Le g\u00eete - La Villa Panama, maison r\u00e9nov\u00e9 en pierre","isPartOf":{"@id":"https:\/\/villa-panama.fr\/#website"},"primaryImageOfPage":{"@id":"https:\/\/villa-panama.fr\/gite-villa-panama\/#primaryimage"},"image":{"@id":"https:\/\/villa-panama.fr\/gite-villa-panama\/#primaryimage"},"thumbnailUrl":"http:\/\/villa-panama.fr\/wp-content\/uploads\/2021\/10\/ab46a918-b65c-42ae-9e7e-9c0044186611.jpeg","datePublished":"2021-09-20T20:21:00+00:00","dateModified":"2023-10-25T15:21:35+00:00","description":"La villa Panama est une grande maison ancienne en pierre enti\u00e8rement r\u00e9nov\u00e9 avec go\u00fbt. Vous serez conquis par son ext\u00e9rieur orient\u00e9 plein sud d'une superficie de plus de 3000m2.","breadcrumb":{"@id":"https:\/\/villa-panama.fr\/gite-villa-panama\/#breadcrumb"},"inLanguage":"en-GB","potentialAction":[{"@type":"ReadAction","target":["https:\/\/villa-panama.fr\/gite-villa-panama\/"]}]},{"@type":"ImageObject","inLanguage":"en-GB","@id":"https:\/\/villa-panama.fr\/gite-villa-panama\/#primaryimage","url":"http:\/\/villa-panama.fr\/wp-content\/uploads\/2021\/10\/ab46a918-b65c-42ae-9e7e-9c0044186611.jpeg","contentUrl":"http:\/\/villa-panama.fr\/wp-content\/uploads\/2021\/10\/ab46a918-b65c-42ae-9e7e-9c0044186611.jpeg"},{"@type":"BreadcrumbList","@id":"https:\/\/villa-panama.fr\/gite-villa-panama\/#breadcrumb","itemListElement":[{"@type":"ListItem","position":1,"name":"Accueil","item":"http:\/\/villa-panama.fr\/"},{"@type":"ListItem","position":2,"name":"Le g\u00eete"}]},{"@type":"WebSite","@id":"https:\/\/villa-panama.fr\/#website","url":"https:\/\/villa-panama.fr\/","name":"Villa Panama","description":"Barbirey-sur-Ouche","potentialAction":[{"@type":"SearchAction","target":{"@type":"EntryPoint","urlTemplate":"https:\/\/villa-panama.fr\/?s={search_term_string}"},"query-input":"required name=search_term_string"}],"inLanguage":"en-GB"}]}},"_links":{"self":[{"href":"https:\/\/villa-panama.fr\/en\/wp-json\/wp\/v2\/pages\/11"}],"collection":[{"href":"https:\/\/villa-panama.fr\/en\/wp-json\/wp\/v2\/pages"}],"about":[{"href":"https:\/\/villa-panama.fr\/en\/wp-json\/wp\/v2\/types\/page"}],"author":[{"embeddable":true,"href":"https:\/\/villa-panama.fr\/en\/wp-json\/wp\/v2\/users\/1"}],"replies":[{"embeddable":true,"href":"https:\/\/villa-panama.fr\/en\/wp-json\/wp\/v2\/comments?post=11"}],"version-history":[{"count":20,"href":"https:\/\/villa-panama.fr\/en\/wp-json\/wp\/v2\/pages\/11\/revisions"}],"predecessor-version":[{"id":258,"href":"https:\/\/villa-panama.fr\/en\/wp-json\/wp\/v2\/pages\/11\/revisions\/258"}],"wp:attachment":[{"href":"https:\/\/villa-panama.fr\/en\/wp-json\/wp\/v2\/media?parent=11"}],"curies":[{"name":"wp","href":"https:\/\/api.w.org\/{rel}","templated":true}]}}