{"id":12,"date":"2021-09-20T20:21:00","date_gmt":"2021-09-20T18:21:00","guid":{"rendered":"http:\/\/localhost:10009\/?page_id=9"},"modified":"2021-10-06T18:06:22","modified_gmt":"2021-10-06T16:06:22","slug":"nous-contacter","status":"publish","type":"page","link":"https:\/\/villa-panama.fr\/en\/nous-contacter\/","title":{"rendered":"Contact us"},"content":{"rendered":"<p>N&rsquo;h\u00e9sitez pas nous contacter \u00e0 travers ce formulaire pour toutes questions ou informations compl\u00e9mentaires.<br>Pour toute demande de r\u00e9servation nous vous invitons \u00e0 passer par le <a href=\"http:\/\/villa-panama.fr\/en\/reservation\/\">formulaire de demande de r\u00e9servation<\/a>.<\/p>\n\n\n<div class=\"wpforms-container wpforms-container-full wpforms-block\" id=\"wpforms-103\"><form id=\"wpforms-form-103\" class=\"wpforms-validate wpforms-form wpforms-ajax-form\" data-formid=\"103\" method=\"post\" enctype=\"multipart\/form-data\" action=\"\/en\/wp-json\/wp\/v2\/pages\/12\" data-token=\"0ce0deb4051d92ba09efd105f0a999ce\" data-token-time=\"1776435240\" data-trp-original-action=\"\/en\/wp-json\/wp\/v2\/pages\/12\"><noscript class=\"wpforms-error-noscript\">Please enable JavaScript in your browser to complete this form.<\/noscript><div class=\"wpforms-field-container\"><div id=\"wpforms-103-field_0-container\" class=\"wpforms-field wpforms-field-name\" data-field-id=\"0\"><label class=\"wpforms-field-label\" for=\"wpforms-103-field_0\">Nom <span class=\"wpforms-required-label\">*<\/span><\/label><div class=\"wpforms-field-row wpforms-field-large\"><div class=\"wpforms-field-row-block wpforms-first wpforms-one-half\"><input type=\"text\" id=\"wpforms-103-field_0\" class=\"wpforms-field-name-first wpforms-field-required\" name=\"wpforms[fields][0][first]\" required><label for=\"wpforms-103-field_0\" class=\"wpforms-field-sublabel after\">First<\/label><\/div><div class=\"wpforms-field-row-block wpforms-one-half\"><input type=\"text\" id=\"wpforms-103-field_0-last\" class=\"wpforms-field-name-last wpforms-field-required\" name=\"wpforms[fields][0][last]\" required><label for=\"wpforms-103-field_0-last\" class=\"wpforms-field-sublabel after\">Last<\/label><\/div><\/div><\/div><div id=\"wpforms-103-field_1-container\" class=\"wpforms-field wpforms-field-email\" data-field-id=\"1\"><label class=\"wpforms-field-label\" for=\"wpforms-103-field_1\">Email <span class=\"wpforms-required-label\">*<\/span><\/label><input type=\"email\" id=\"wpforms-103-field_1\" class=\"wpforms-field-large wpforms-field-required\" name=\"wpforms[fields][1]\" spellcheck=\"false\" required><\/div><div id=\"wpforms-103-field_2-container\" class=\"wpforms-field wpforms-field-textarea\" data-field-id=\"2\"><label class=\"wpforms-field-label\" for=\"wpforms-103-field_2\">Message <span class=\"wpforms-required-label\">*<\/span><\/label><textarea id=\"wpforms-103-field_2\" class=\"wpforms-field-medium wpforms-field-required\" name=\"wpforms[fields][2]\" required><\/textarea><\/div><\/div><!-- .wpforms-field-container --><div class=\"wpforms-recaptcha-container wpforms-is-recaptcha wpforms-is-recaptcha-type-v2\" ><div class=\"g-recaptcha\" data-sitekey=\"6LesaawcAAAAAD7kqCVtPynEkdJAk3iRPCPs5NPp\"><\/div><input type=\"text\" name=\"g-recaptcha-hidden\" class=\"wpforms-recaptcha-hidden\" style=\"position:absolute!important;clip:rect(0,0,0,0)!important;height:1px!important;width:1px!important;border:0!important;overflow:hidden!important;padding:0!important;margin:0!important;\" data-rule-recaptcha=\"1\"><\/div><div class=\"wpforms-submit-container\" ><input type=\"hidden\" name=\"wpforms[id]\" value=\"103\"><input type=\"hidden\" name=\"page_title\" value=\"\"><input type=\"hidden\" name=\"page_url\" value=\"https:\/\/villa-panama.fr\/en\/wp-json\/wp\/v2\/pages\/12\"><button type=\"submit\" name=\"wpforms[submit]\" id=\"wpforms-submit-103\" class=\"wpforms-submit\" data-alt-text=\"...\" data-submit-text=\"Envoyer\" aria-live=\"assertive\" value=\"wpforms-submit\">Envoyer<\/button><img decoding=\"async\" loading=\"lazy\" src=\"https:\/\/villa-panama.fr\/wp-content\/plugins\/wpforms-lite\/assets\/images\/submit-spin.svg\" class=\"wpforms-submit-spinner\" style=\"display: none;\" width=\"26\" height=\"26\" alt=\"Loading\"><\/div><input type=\"hidden\" name=\"trp-form-language\" value=\"en\"\/><\/form><\/div>  <!-- .wpforms-container -->","protected":false},"excerpt":{"rendered":"<p>N&rsquo;h\u00e9sitez pas nous contacter \u00e0 travers ce formulaire pour toutes questions ou informations compl\u00e9mentaires.Pour toute demande de r\u00e9servation nous vous invitons \u00e0 passer par le formulaire de demande de r\u00e9servation.<\/p>","protected":false},"author":1,"featured_media":0,"parent":0,"menu_order":0,"comment_status":"closed","ping_status":"closed","template":"","meta":{"footnotes":"","_vp_format_video_url":"","_vp_image_focal_point":[]},"yoast_head":"<!-- This site is optimized with the Yoast SEO plugin v22.6 - https:\/\/yoast.com\/wordpress\/plugins\/seo\/ -->\n<title>Nous contacter - Villa Panama<\/title>\n<meta name=\"description\" content=\"N&#039;h\u00e9sitez pas nous contacter \u00e0 travers ce formulaire pour toutes questions ou informations compl\u00e9mentaires.\" \/>\n<meta name=\"robots\" content=\"index, follow, max-snippet:-1, max-image-preview:large, max-video-preview:-1\" \/>\n<link rel=\"canonical\" href=\"https:\/\/villa-panama.fr\/en\/nous-contacter\/\" \/>\n<meta property=\"og:locale\" content=\"en_GB\" \/>\n<meta property=\"og:type\" content=\"article\" \/>\n<meta property=\"og:title\" content=\"Nous contacter - Villa Panama\" \/>\n<meta property=\"og:description\" content=\"N&#039;h\u00e9sitez pas nous contacter \u00e0 travers ce formulaire pour toutes questions ou informations compl\u00e9mentaires.\" \/>\n<meta property=\"og:url\" content=\"https:\/\/villa-panama.fr\/en\/nous-contacter\/\" \/>\n<meta property=\"og:site_name\" content=\"Villa Panama\" \/>\n<meta property=\"article:modified_time\" content=\"2021-10-06T16:06:22+00:00\" \/>\n<meta name=\"twitter:card\" content=\"summary_large_image\" \/>\n<meta name=\"twitter:label1\" content=\"Estimated reading time\" \/>\n\t<meta name=\"twitter:data1\" content=\"1 minute\" \/>\n<script type=\"application\/ld+json\" class=\"yoast-schema-graph\">{\"@context\":\"https:\/\/schema.org\",\"@graph\":[{\"@type\":\"WebPage\",\"@id\":\"https:\/\/villa-panama.fr\/nous-contacter\/\",\"url\":\"https:\/\/villa-panama.fr\/nous-contacter\/\",\"name\":\"Nous contacter - Villa Panama\",\"isPartOf\":{\"@id\":\"https:\/\/villa-panama.fr\/#website\"},\"datePublished\":\"2021-09-20T18:21:00+00:00\",\"dateModified\":\"2021-10-06T16:06:22+00:00\",\"description\":\"N'h\u00e9sitez pas nous contacter \u00e0 travers ce formulaire pour toutes questions ou informations compl\u00e9mentaires.\",\"breadcrumb\":{\"@id\":\"https:\/\/villa-panama.fr\/nous-contacter\/#breadcrumb\"},\"inLanguage\":\"en-GB\",\"potentialAction\":[{\"@type\":\"ReadAction\",\"target\":[\"https:\/\/villa-panama.fr\/nous-contacter\/\"]}]},{\"@type\":\"BreadcrumbList\",\"@id\":\"https:\/\/villa-panama.fr\/nous-contacter\/#breadcrumb\",\"itemListElement\":[{\"@type\":\"ListItem\",\"position\":1,\"name\":\"Accueil\",\"item\":\"http:\/\/villa-panama.fr\/\"},{\"@type\":\"ListItem\",\"position\":2,\"name\":\"Nous contacter\"}]},{\"@type\":\"WebSite\",\"@id\":\"https:\/\/villa-panama.fr\/#website\",\"url\":\"https:\/\/villa-panama.fr\/\",\"name\":\"Villa Panama\",\"description\":\"Barbirey-sur-Ouche\",\"potentialAction\":[{\"@type\":\"SearchAction\",\"target\":{\"@type\":\"EntryPoint\",\"urlTemplate\":\"https:\/\/villa-panama.fr\/?s={search_term_string}\"},\"query-input\":\"required name=search_term_string\"}],\"inLanguage\":\"en-GB\"}]}<\/script>\n<!-- \/ Yoast SEO plugin. -->","yoast_head_json":{"title":"Nous contacter - Villa Panama","description":"N'h\u00e9sitez pas nous contacter \u00e0 travers ce formulaire pour toutes questions ou informations compl\u00e9mentaires.","robots":{"index":"index","follow":"follow","max-snippet":"max-snippet:-1","max-image-preview":"max-image-preview:large","max-video-preview":"max-video-preview:-1"},"canonical":"https:\/\/villa-panama.fr\/en\/nous-contacter\/","og_locale":"en_GB","og_type":"article","og_title":"Nous contacter - Villa Panama","og_description":"N'h\u00e9sitez pas nous contacter \u00e0 travers ce formulaire pour toutes questions ou informations compl\u00e9mentaires.","og_url":"https:\/\/villa-panama.fr\/en\/nous-contacter\/","og_site_name":"Villa Panama","article_modified_time":"2021-10-06T16:06:22+00:00","twitter_card":"summary_large_image","twitter_misc":{"Estimated reading time":"1 minute"},"schema":{"@context":"https:\/\/schema.org","@graph":[{"@type":"WebPage","@id":"https:\/\/villa-panama.fr\/nous-contacter\/","url":"https:\/\/villa-panama.fr\/nous-contacter\/","name":"Nous contacter - Villa Panama","isPartOf":{"@id":"https:\/\/villa-panama.fr\/#website"},"datePublished":"2021-09-20T18:21:00+00:00","dateModified":"2021-10-06T16:06:22+00:00","description":"N'h\u00e9sitez pas nous contacter \u00e0 travers ce formulaire pour toutes questions ou informations compl\u00e9mentaires.","breadcrumb":{"@id":"https:\/\/villa-panama.fr\/nous-contacter\/#breadcrumb"},"inLanguage":"en-GB","potentialAction":[{"@type":"ReadAction","target":["https:\/\/villa-panama.fr\/nous-contacter\/"]}]},{"@type":"BreadcrumbList","@id":"https:\/\/villa-panama.fr\/nous-contacter\/#breadcrumb","itemListElement":[{"@type":"ListItem","position":1,"name":"Accueil","item":"http:\/\/villa-panama.fr\/"},{"@type":"ListItem","position":2,"name":"Nous contacter"}]},{"@type":"WebSite","@id":"https:\/\/villa-panama.fr\/#website","url":"https:\/\/villa-panama.fr\/","name":"Villa Panama","description":"Barbirey-sur-Ouche","potentialAction":[{"@type":"SearchAction","target":{"@type":"EntryPoint","urlTemplate":"https:\/\/villa-panama.fr\/?s={search_term_string}"},"query-input":"required name=search_term_string"}],"inLanguage":"en-GB"}]}},"_links":{"self":[{"href":"https:\/\/villa-panama.fr\/en\/wp-json\/wp\/v2\/pages\/12"}],"collection":[{"href":"https:\/\/villa-panama.fr\/en\/wp-json\/wp\/v2\/pages"}],"about":[{"href":"https:\/\/villa-panama.fr\/en\/wp-json\/wp\/v2\/types\/page"}],"author":[{"embeddable":true,"href":"https:\/\/villa-panama.fr\/en\/wp-json\/wp\/v2\/users\/1"}],"replies":[{"embeddable":true,"href":"https:\/\/villa-panama.fr\/en\/wp-json\/wp\/v2\/comments?post=12"}],"version-history":[{"count":8,"href":"https:\/\/villa-panama.fr\/en\/wp-json\/wp\/v2\/pages\/12\/revisions"}],"predecessor-version":[{"id":190,"href":"https:\/\/villa-panama.fr\/en\/wp-json\/wp\/v2\/pages\/12\/revisions\/190"}],"wp:attachment":[{"href":"https:\/\/villa-panama.fr\/en\/wp-json\/wp\/v2\/media?parent=12"}],"curies":[{"name":"wp","href":"https:\/\/api.w.org\/{rel}","templated":true}]}}