{"id":151,"date":"2021-10-05T01:14:04","date_gmt":"2021-10-04T23:14:04","guid":{"rendered":"http:\/\/villa-panama.fr\/?page_id=151"},"modified":"2021-12-06T16:28:53","modified_gmt":"2021-12-06T15:28:53","slug":"reservation-famille-amis","status":"publish","type":"page","link":"https:\/\/villa-panama.fr\/en\/reservation-famille-amis\/","title":{"rendered":"R\u00e9servation"},"content":{"rendered":"<p>Vous souhaitez r\u00e9server la villa Panama pour votre r\u00e9union de famille ou des retrouvailles entre amis ? Envoyez nous votre demande \u00e0 travers ce formulaire de demande de r\u00e9servation.<\/p>\n\n\n\n<div style=\"height:49px\" aria-hidden=\"true\" class=\"wp-block-spacer\"><\/div>\n\n\n\n<div class=\"wp-block-columns is-layout-flex wp-container-3 wp-block-columns-is-layout-flex\">\n<div class=\"wp-block-column is-layout-flow wp-block-column-is-layout-flow\">\n<p><meta charset=\"utf-8\"><i class=\"fas fa-clock\"><\/i>  Arriv\u00e9e&nbsp;\u00e0 partir de 14h00<\/p>\n\n\n\n<p><i class=\"fas fa-clock\"><\/i>  D\u00e9part au plus tard \u00e0 17h00<\/p>\n\n\n\n<p><meta charset=\"utf-8\"><i class=\"fas fa-euro-sign\"><\/i>  <strong>Tarif : 430 euros nets la nuit (taxe de s\u00e9jour incluse) <\/strong><\/p>\n<\/div>\n\n\n\n<div class=\"wp-block-column is-layout-flow wp-block-column-is-layout-flow\">\n<p><meta charset=\"utf-8\"><i class=\"fas fa-dog\"><\/i>  Animaux de compagnie accept\u00e9s<\/p>\n\n\n\n<p><meta charset=\"utf-8\"><i class=\"fas fa-smoking-ban\"><\/i>  Non fumeur<\/p>\n\n\n\n<p><meta charset=\"utf-8\"><i class=\"fas fa-moon\"><\/i>  <strong>Minimum 2 nuit\u00e9es<\/strong><\/p>\n<\/div>\n<\/div>\n\n\n\n<div style=\"height:49px\" aria-hidden=\"true\" class=\"wp-block-spacer\"><\/div>\n\n\n\n<div class=\"wp-block-booking-booking\"> <div id=\"form_id952166768904\"  class=\"wpbc_container wpbc_container_booking_form  wpdevelop\" ><form  id=\"booking_form1\"   class=\"booking_form vertical\" method=\"post\" action=\"\" data-trp-original-action=\"\"><div id=\"ajax_respond_insert1\" class=\"ajax_respond_insert\" style=\"display:none;\"><\/div><a name=\"bklnk1\" id=\"bklnk1\"><\/a><div id=\"booking_form_div1\" class=\"booking_form_div\"><div class=\"wpbc_booking_form_structure wpbc_form_right\">\n  <div class=\"wpbc_structure_calendar\">\n    <div class=\"wpbc_calendar_wraper wpbc_change_over_triangle\"><div class=\"bk_calendar_frame wpbc_no_custom_width  months_num_in_row_ cal_month_num_1 wpbc_timeslot_day_bg_as_available\" style=\"\"><div id=\"calendar_booking1\">Calendar is loading...<\/div><\/div><div style=\"font-size:7px;text-align:left;margin:0 0 10px;text-shadow: none;\">Powered by <a href=\"https:\/\/wpbookingcalendar.com\" target=\"_blank\" title=\"Booking Calendar plugin for WordPress\">Booking Calendar<\/a><\/div><textarea id=\"date_booking1\" name=\"date_booking1\" autocomplete=\"off\" style=\"display:none;\"><\/textarea><div class=\"block_hints datepick\"><div class=\"wpdev_hint_with_text\"><div class=\"block_free datepick-days-cell\"><a>&nbsp;<\/a><\/div><div class=\"block_text\">- <\/div><div class=\"block_text\">Disponible<\/div><\/div><div class=\"wpdev_hint_with_text\"><div class=\"block_booked date_approved\">&nbsp;<\/div><div class=\"block_text\">- <\/div><div class=\"block_text\">R\u00e9serv\u00e9<\/div><\/div><div class=\"wpdev_hint_with_text\"><div class=\"block_pending date2approve\">&nbsp;<\/div><div class=\"block_text\">- <\/div><div class=\"block_text\">En attente<\/div><\/div><\/div><\/div>\n  <\/div>\n  <div class=\"wpbc_structure_form\">\n  <div class=\"form-group wpbc-form-element-text wpbc-form-element-name\">  <label for=\"name1\" class=\"control-label\">Pr\u00e9nom*:<\/label>   <div class=\"controls\">   <input type=\"text\" name=\"name1\" id=\"name1\" class=\"input-xlarge wpdev-validates-as-required\" \/><\/div><\/div>  <div class=\"form-group wpbc-form-element-text wpbc-form-element-secondname\">  <label for=\"secondname1\" class=\"control-label\">Nom*:<\/label>   <div class=\"controls\">   <input type=\"text\" name=\"secondname1\" id=\"secondname1\" class=\"input-xlarge wpdev-validates-as-required\" \/><\/div><\/div>  <div class=\"form-group wpbc-form-element-email wpbc-form-element-email\">  <label for=\"email1\" class=\"control-label\">Email*:<\/label>   <div class=\"controls\">   <input type=\"text\" name=\"email1\" id=\"email1\" class=\"input-xlarge wpdev-validates-as-email wpdev-validates-as-required wpdev-validates-as-required\" \/><\/div><\/div>  <div class=\"form-group wpbc-form-element-select wpbc-form-element-visitors\">  <label for=\"visitors1\" class=\"control-label\">Nombre de personnes*:<\/label>   <div class=\"controls\">   <select name=\"visitors1\" id=\"visitors1\" class=\"input-xlarge wpdev-validates-as-required\" >  <option value=\"1\" >1<\/option>  <option value=\"2\" >2<\/option>  <option value=\"3\" >3<\/option>  <option value=\"4\" >4<\/option>  <option value=\"5\" >5<\/option>  <option value=\"6\" >6<\/option>  <option value=\"7\" >7<\/option>  <option value=\"8\" >8<\/option>  <option value=\"9\" >9<\/option>  <option value=\"10\" >10<\/option>  <option value=\"11\" >11<\/option>  <option value=\"12\" >12<\/option>  <option value=\"13\" >13<\/option>  <option value=\"14\" >14<\/option>  <option value=\"15\" >15<\/option>     <\/select><\/div><\/div>  <div class=\"form-group wpbc-form-element-text wpbc-form-element-phone\">  <label for=\"phone1\" class=\"control-label\">T\u00e9l\u00e9phone:<\/label>   <div class=\"controls\">   <input type=\"text\" name=\"phone1\" id=\"phone1\" class=\"input-xlarge\" \/><\/div><\/div>  <div class=\"form-group wpbc-form-element-textarea wpbc-form-element-details\">  <label for=\"details1\" class=\"control-label\">Message:<\/label>   <div class=\"controls\">   <textarea  rows=\"3\" name=\"details1\" id=\"details1\" class=\"input-xlarge\" ><\/textarea><\/div><\/div><div class=\"form-group\"><span class=\"wpbc_text_captcha_container\"><input  autocomplete=\"off\" type=\"hidden\" name=\"wpdev_captcha_challenge_1\"  id=\"wpdev_captcha_challenge_1\" value=\"2139484057\" \/><input  autocomplete=\"off\" type=\"text\" class=\"captachinput\" value=\"\" name=\"captcha_input1\" id=\"captcha_input1\" \/><img class=\"captcha_img\"  id=\"captcha_img1\" alt=\"captcha\" src=\"https:\/\/villa-panama.fr\/wp-content\/plugins\/booking\/js\/captcha\/tmp\/2139484057.png\" \/><\/span><\/div>\n<div class=\"form-group\"><button class=\"wpbc_button_light\" type=\"button\" onclick=\"mybooking_submit(this.form,1,'en_GB');\" >Envoyer<\/button><\/div>\n  <\/div>\n<\/div>\n<div class=\"wpbc_booking_form_footer\"><\/div><input id=\"bk_type1\" name=\"bk_type1\" class=\"\" type=\"hidden\" value=\"1\" \/><\/div><div id=\"submiting1\"><\/div><div class=\"form_bk_messages\" id=\"form_bk_messages1\" ><\/div><input type=\"hidden\" id=\"wpbc_nonceCALCULATE_THE_COST1\" name=\"wpbc_nonceCALCULATE_THE_COST1\" value=\"8f6c42ae27\" \/><input type=\"hidden\" name=\"_wp_http_referer\" value=\"\/en\/wp-json\/wp\/v2\/pages\/151\" \/><input type=\"hidden\" name=\"trp-form-language\" value=\"en\"\/><\/form><\/div><div id=\"booking_form_garbage1\" class=\"booking_form_garbage\"><\/div><script type=\"text\/javascript\">\n                                jQuery(document).ready( function(){\n                                    jQuery(\".widget_wpdev_booking .booking_form.form-horizontal\").removeClass(\"form-horizontal\");\n                                    var visible_booking_id_on_page_num = visible_booking_id_on_page.length;\n                                    if (visible_booking_id_on_page_num !== null ) {\n                                        for (var i=0;i< visible_booking_id_on_page_num ;i++){\n                                          if ( visible_booking_id_on_page[i]==\"booking_form_div1\" ) {\n                                              document.getElementById(\"form_id952166768904\").innerHTML = \"<span style='color:#A00;font-size:10px;'>Warning! Booking calendar for this booking resource are already at the page, please check more about this issue at this page: https:\/\/wpbookingcalendar.com\/faq\/why-the-booking-calendar-widget-not-show-on-page\/<\/span>\";                                                                                                  \n                                              jQuery(\"#form_id952166768904\").animate( {opacity: 1}, 10000 ).fadeOut(5000);\n                                              return;\n                                          }\n                                        }\n                                        visible_booking_id_on_page[ visible_booking_id_on_page_num ]=\"booking_form_div1\";\n                                    }\n                                });\n                            <\/script> <script type='text\/javascript'> jQuery(document).ready( function(){  _wpbc.balancer__set_max_threads( 3 );  _wpbc.calendar__set_param_value( 1 , 'calendar_scroll_to' , false );  _wpbc.calendar__set_param_value( 1 , 'booking_max_monthes_in_calendar' , '2y' );  _wpbc.calendar__set_param_value( 1 , 'booking_start_day_weeek' , '1' );  _wpbc.calendar__set_param_value( 1 , 'calendar_number_of_months' , '1' );   _wpbc.calendar__set_param_value( 1, 'days_select_mode', 'multiple' );   _wpbc.calendar__set_param_value( 1, 'fixed__days_num', 0 );   _wpbc.calendar__set_param_value( 1, 'fixed__week_days__start',   [] );   _wpbc.calendar__set_param_value( 1, 'dynamic__days_min', 0 );   _wpbc.calendar__set_param_value( 1, 'dynamic__days_max', 0 );   _wpbc.calendar__set_param_value( 1, 'dynamic__days_specific',    [] );   _wpbc.calendar__set_param_value( 1, 'dynamic__week_days__start', [] );   _wpbc.calendar__set_param_value( 1, 'booking_date_format', 'j M Y' );   _wpbc.calendar__set_param_value( 1, 'booking_time_format', 'Ghi' );  _wpbc.set_other_param( 'message_dates_times_unavailable', 'These dates and times in this calendar are already booked or unavailable.' );  _wpbc.set_other_param( 'message_choose_alternative_dates', 'Please choose alternative date(s), times, or adjust the number of slots booked.' );  _wpbc.set_other_param( 'message_cannot_save_in_one_resource', 'It is not possible to store this sequence of the dates into the one same resource.' );   if ( 'function' === typeof ( wpbc__conditions__SAVE_INITIAL__days_selection_params__bm ) ){ wpbc__conditions__SAVE_INITIAL__days_selection_params__bm( 1 ); }   wpbc_calendar_show( '1' );   _wpbc.set_secure_param( 'nonce',   '2a161740af' );   _wpbc.set_secure_param( 'user_id', '0' );   _wpbc.set_secure_param( 'locale',  'en_GB' );  wpbc_calendar__load_data__ajx( {\"resource_id\":1,\"booking_hash\":\"\",\"request_uri\":\"\\\/en\\\/wp-json\\\/wp\\\/v2\\\/pages\\\/151\",\"custom_form\":\"standard\",\"aggregate_resource_id_str\":\"\",\"aggregate_type\":\"all\"} );  } ); <\/script><\/div>","protected":false},"excerpt":{"rendered":"<p>Vous souhaitez r\u00e9server la villa Panama pour votre r\u00e9union de famille ou des retrouvailles entre amis ? Envoyez nous votre demande \u00e0 travers ce formulaire de demande de r\u00e9servation. Arriv\u00e9e&nbsp;\u00e0 partir de 14h00 D\u00e9part au plus tard \u00e0 17h00 Tarif : 430 euros nets la nuit (taxe de s\u00e9jour incluse) Animaux de compagnie accept\u00e9s Non &hellip; <\/p>\n<p class=\"link-more\"><a href=\"https:\/\/villa-panama.fr\/en\/reservation-famille-amis\/\" class=\"more-link\">Read more<span class=\"screen-reader-text\"> \u00ab\u00a0R\u00e9servation\u00a0\u00bb<\/span><\/a><\/p>","protected":false},"author":1,"featured_media":0,"parent":0,"menu_order":0,"comment_status":"closed","ping_status":"closed","template":"","meta":{"footnotes":"","_vp_format_video_url":"","_vp_image_focal_point":[]},"yoast_head":"<!-- This site is optimized with the Yoast SEO plugin v22.6 - https:\/\/yoast.com\/wordpress\/plugins\/seo\/ -->\n<title>R\u00e9server cette maison de ma\u00eetre pour votre retrouvailles - Villa Panama<\/title>\n<meta name=\"description\" content=\"Vous souhaitez r\u00e9server la villa Panama pour votre r\u00e9union de famille ou des retrouvailles entre amis ? Envoyez-nous votre demande.\" \/>\n<meta name=\"robots\" content=\"index, follow, max-snippet:-1, max-image-preview:large, max-video-preview:-1\" \/>\n<link rel=\"canonical\" href=\"http:\/\/villa-panama.fr\/en\/reservation-famille-amis\/\" \/>\n<meta property=\"og:locale\" content=\"en_GB\" \/>\n<meta property=\"og:type\" content=\"article\" \/>\n<meta property=\"og:title\" content=\"R\u00e9server cette maison de ma\u00eetre pour votre retrouvailles - Villa Panama\" \/>\n<meta property=\"og:description\" content=\"Vous souhaitez r\u00e9server la villa Panama pour votre r\u00e9union de famille ou des retrouvailles entre amis ? Envoyez-nous votre demande.\" \/>\n<meta property=\"og:url\" content=\"http:\/\/villa-panama.fr\/en\/reservation-famille-amis\/\" \/>\n<meta property=\"og:site_name\" content=\"Villa Panama\" \/>\n<meta property=\"article:modified_time\" content=\"2021-12-06T15:28:53+00:00\" \/>\n<meta name=\"twitter:card\" content=\"summary_large_image\" \/>\n<meta name=\"twitter:label1\" content=\"Estimated reading time\" \/>\n\t<meta name=\"twitter:data1\" content=\"1 minute\" \/>\n<script type=\"application\/ld+json\" class=\"yoast-schema-graph\">{\"@context\":\"https:\/\/schema.org\",\"@graph\":[{\"@type\":\"WebPage\",\"@id\":\"http:\/\/villa-panama.fr\/en\/reservation-famille-amis\/\",\"url\":\"http:\/\/villa-panama.fr\/en\/reservation-famille-amis\/\",\"name\":\"R\u00e9server cette maison de ma\u00eetre pour votre retrouvailles - Villa Panama\",\"isPartOf\":{\"@id\":\"https:\/\/villa-panama.fr\/#website\"},\"datePublished\":\"2021-10-04T23:14:04+00:00\",\"dateModified\":\"2021-12-06T15:28:53+00:00\",\"description\":\"Vous souhaitez r\u00e9server la villa Panama pour votre r\u00e9union de famille ou des retrouvailles entre amis ? Envoyez-nous votre demande.\",\"breadcrumb\":{\"@id\":\"http:\/\/villa-panama.fr\/en\/reservation-famille-amis\/#breadcrumb\"},\"inLanguage\":\"en-GB\",\"potentialAction\":[{\"@type\":\"ReadAction\",\"target\":[\"http:\/\/villa-panama.fr\/en\/reservation-famille-amis\/\"]}]},{\"@type\":\"BreadcrumbList\",\"@id\":\"http:\/\/villa-panama.fr\/en\/reservation-famille-amis\/#breadcrumb\",\"itemListElement\":[{\"@type\":\"ListItem\",\"position\":1,\"name\":\"Accueil\",\"item\":\"http:\/\/villa-panama.fr\/\"},{\"@type\":\"ListItem\",\"position\":2,\"name\":\"R\u00e9servation\"}]},{\"@type\":\"WebSite\",\"@id\":\"https:\/\/villa-panama.fr\/#website\",\"url\":\"https:\/\/villa-panama.fr\/\",\"name\":\"Villa Panama\",\"description\":\"Barbirey-sur-Ouche\",\"potentialAction\":[{\"@type\":\"SearchAction\",\"target\":{\"@type\":\"EntryPoint\",\"urlTemplate\":\"https:\/\/villa-panama.fr\/?s={search_term_string}\"},\"query-input\":\"required name=search_term_string\"}],\"inLanguage\":\"en-GB\"}]}<\/script>\n<!-- \/ Yoast SEO plugin. -->","yoast_head_json":{"title":"R\u00e9server cette maison de ma\u00eetre pour votre retrouvailles - Villa Panama","description":"Vous souhaitez r\u00e9server la villa Panama pour votre r\u00e9union de famille ou des retrouvailles entre amis ? Envoyez-nous votre demande.","robots":{"index":"index","follow":"follow","max-snippet":"max-snippet:-1","max-image-preview":"max-image-preview:large","max-video-preview":"max-video-preview:-1"},"canonical":"http:\/\/villa-panama.fr\/en\/reservation-famille-amis\/","og_locale":"en_GB","og_type":"article","og_title":"R\u00e9server cette maison de ma\u00eetre pour votre retrouvailles - Villa Panama","og_description":"Vous souhaitez r\u00e9server la villa Panama pour votre r\u00e9union de famille ou des retrouvailles entre amis ? Envoyez-nous votre demande.","og_url":"http:\/\/villa-panama.fr\/en\/reservation-famille-amis\/","og_site_name":"Villa Panama","article_modified_time":"2021-12-06T15:28:53+00:00","twitter_card":"summary_large_image","twitter_misc":{"Estimated reading time":"1 minute"},"schema":{"@context":"https:\/\/schema.org","@graph":[{"@type":"WebPage","@id":"http:\/\/villa-panama.fr\/en\/reservation-famille-amis\/","url":"http:\/\/villa-panama.fr\/en\/reservation-famille-amis\/","name":"R\u00e9server cette maison de ma\u00eetre pour votre retrouvailles - Villa Panama","isPartOf":{"@id":"https:\/\/villa-panama.fr\/#website"},"datePublished":"2021-10-04T23:14:04+00:00","dateModified":"2021-12-06T15:28:53+00:00","description":"Vous souhaitez r\u00e9server la villa Panama pour votre r\u00e9union de famille ou des retrouvailles entre amis ? Envoyez-nous votre demande.","breadcrumb":{"@id":"http:\/\/villa-panama.fr\/en\/reservation-famille-amis\/#breadcrumb"},"inLanguage":"en-GB","potentialAction":[{"@type":"ReadAction","target":["http:\/\/villa-panama.fr\/en\/reservation-famille-amis\/"]}]},{"@type":"BreadcrumbList","@id":"http:\/\/villa-panama.fr\/en\/reservation-famille-amis\/#breadcrumb","itemListElement":[{"@type":"ListItem","position":1,"name":"Accueil","item":"http:\/\/villa-panama.fr\/"},{"@type":"ListItem","position":2,"name":"R\u00e9servation"}]},{"@type":"WebSite","@id":"https:\/\/villa-panama.fr\/#website","url":"https:\/\/villa-panama.fr\/","name":"Villa Panama","description":"Barbirey-sur-Ouche","potentialAction":[{"@type":"SearchAction","target":{"@type":"EntryPoint","urlTemplate":"https:\/\/villa-panama.fr\/?s={search_term_string}"},"query-input":"required name=search_term_string"}],"inLanguage":"en-GB"}]}},"_links":{"self":[{"href":"https:\/\/villa-panama.fr\/en\/wp-json\/wp\/v2\/pages\/151"}],"collection":[{"href":"https:\/\/villa-panama.fr\/en\/wp-json\/wp\/v2\/pages"}],"about":[{"href":"https:\/\/villa-panama.fr\/en\/wp-json\/wp\/v2\/types\/page"}],"author":[{"embeddable":true,"href":"https:\/\/villa-panama.fr\/en\/wp-json\/wp\/v2\/users\/1"}],"replies":[{"embeddable":true,"href":"https:\/\/villa-panama.fr\/en\/wp-json\/wp\/v2\/comments?post=151"}],"version-history":[{"count":10,"href":"https:\/\/villa-panama.fr\/en\/wp-json\/wp\/v2\/pages\/151\/revisions"}],"predecessor-version":[{"id":211,"href":"https:\/\/villa-panama.fr\/en\/wp-json\/wp\/v2\/pages\/151\/revisions\/211"}],"wp:attachment":[{"href":"https:\/\/villa-panama.fr\/en\/wp-json\/wp\/v2\/media?parent=151"}],"curies":[{"name":"wp","href":"https:\/\/api.w.org\/{rel}","templated":true}]}}