{"id":92,"date":"2021-10-04T21:38:40","date_gmt":"2021-10-04T19:38:40","guid":{"rendered":"http:\/\/villa-panama.fr\/?page_id=92"},"modified":"2023-09-30T21:00:55","modified_gmt":"2023-09-30T19:00:55","slug":"accueil","status":"publish","type":"page","link":"https:\/\/villa-panama.fr\/en\/","title":{"rendered":"Home"},"content":{"rendered":"<div style=\"height:50px\" aria-hidden=\"true\" class=\"wp-block-spacer\"><\/div>\n\n\n\n<div class=\"wp-block-columns is-layout-flex wp-container-4 wp-block-columns-is-layout-flex\">\n<div class=\"wp-block-column is-layout-flow wp-block-column-is-layout-flow\" style=\"flex-basis:25%\"><\/div>\n\n\n\n<div class=\"wp-block-column is-layout-flow wp-block-column-is-layout-flow\" style=\"flex-basis:50%\">\n<h2 class=\"has-text-align-center wp-block-heading\"><meta charset=\"utf-8\">Passez un moment inoubliable en famille ou entre amis dans une superbe villa ancienne en Bourgogne<\/h2>\n\n\n\n<p>Villa class\u00e9e \u00ab\u00a0meubl\u00e9 de tourisme 3 \u00e9toiles\u00a0\u00bb pour 15 personnes<\/p>\n<\/div>\n\n\n\n<div class=\"wp-block-column is-layout-flow wp-block-column-is-layout-flow\" style=\"flex-basis:25%\"><\/div>\n<\/div>\n\n\n\n<div class=\"wp-block-columns is-layout-flex wp-container-9 wp-block-columns-is-layout-flex\">\n<div class=\"wp-block-column is-layout-flow wp-block-column-is-layout-flow\" style=\"flex-basis:25%\"><\/div>\n\n\n\n<div class=\"wp-block-column is-layout-flow wp-block-column-is-layout-flow\" style=\"flex-basis:50%\"><div class=\"wp-block-visual-portfolio\">\n<div class=\"vp-portfolio vp-uid-7c15fd42 vp-id-ZVTmFt\"\n\tdata-vp-layout=\"tiles\" data-vp-content-source=\"images\" data-vp-items-style=\"fade\" data-vp-items-click-action=\"popup_gallery\" data-vp-items-gap=\"15\" data-vp-items-gap-vertical=\"\" data-vp-pagination=\"load-more\" data-vp-next-page-url=\"\" data-vp-tiles-type=\"3|1,1|\" >\n\t<div class=\"vp-portfolio__preloader-wrap\">\n\t\t<div class=\"vp-portfolio__preloader\">\n\t\t\t<img decoding=\"async\" loading=\"eager\" src=\"https:\/\/villa-panama.fr\/wp-content\/plugins\/visual-portfolio\/assets\/images\/logo-dark.svg\" alt=\"Visual Portfolio, Posts &amp; Image Gallery for WordPress\" width=\"20\" height=\"20\" data-skip-lazy>\n\t\t<\/div>\n\t<\/div>\n\t\t<div class=\"vp-portfolio__items-wrap\">\n\t\t\t\n<div class=\"vp-portfolio__items vp-portfolio__items-style-fade vp-portfolio__items-show-overlay-hover\">\n\n\t\t<div\t\tclass=\"vp-portfolio__item-wrap vp-portfolio__item-uid-281017f0\" data-vp-filter=\"\" \t\t>\n\t\t\t<template class=\"vp-portfolio__item-popup\" data-vp-popup-img=\"https:\/\/villa-panama.fr\/wp-content\/uploads\/2021\/10\/9a8b67c8-5f36-46c4-a7af-8a9dff3c8785.jpeg\" data-vp-popup-img-srcset=\"https:\/\/villa-panama.fr\/wp-content\/uploads\/2021\/10\/9a8b67c8-5f36-46c4-a7af-8a9dff3c8785.jpeg 1440w, https:\/\/villa-panama.fr\/wp-content\/uploads\/2021\/10\/9a8b67c8-5f36-46c4-a7af-8a9dff3c8785-199x300.jpeg 199w, https:\/\/villa-panama.fr\/wp-content\/uploads\/2021\/10\/9a8b67c8-5f36-46c4-a7af-8a9dff3c8785-681x1024.jpeg 681w, https:\/\/villa-panama.fr\/wp-content\/uploads\/2021\/10\/9a8b67c8-5f36-46c4-a7af-8a9dff3c8785-768x1155.jpeg 768w, https:\/\/villa-panama.fr\/wp-content\/uploads\/2021\/10\/9a8b67c8-5f36-46c4-a7af-8a9dff3c8785-1021x1536.jpeg 1021w, https:\/\/villa-panama.fr\/wp-content\/uploads\/2021\/10\/9a8b67c8-5f36-46c4-a7af-8a9dff3c8785-1362x2048.jpeg 1362w\" data-vp-popup-img-size=\"1440x2166\" data-vp-popup-md-img=\"https:\/\/villa-panama.fr\/wp-content\/uploads\/2021\/10\/9a8b67c8-5f36-46c4-a7af-8a9dff3c8785.jpeg\" data-vp-popup-md-img-size=\"800x1203\" data-vp-popup-sm-img=\"https:\/\/villa-panama.fr\/wp-content\/uploads\/2021\/10\/9a8b67c8-5f36-46c4-a7af-8a9dff3c8785.jpeg\" data-vp-popup-sm-img-size=\"500x752\">\n\t\t\t<h3 class=\"vp-portfolio__item-popup-title\">12 couverts en ext\u00e9rieur<\/h3>\n\t\t<\/template>\n\t\t\t\t\t\t<figure class=\"vp-portfolio__item\">\n\t\t\t\t\n<div class=\"vp-portfolio__item-img-wrap\">\n\t<div class=\"vp-portfolio__item-img\">\n\t\t\t<a\n\t\thref=\"https:\/\/villa-panama.fr\/wp-content\/uploads\/2021\/10\/9a8b67c8-5f36-46c4-a7af-8a9dff3c8785.jpeg\"\n\t\t\t>\n\t\n\t\t<noscript><img decoding=\"async\" loading=\"lazy\" width=\"1440\" height=\"2166\" data-skip-lazy src=\"https:\/\/villa-panama.fr\/wp-content\/uploads\/2021\/10\/9a8b67c8-5f36-46c4-a7af-8a9dff3c8785.jpeg\" class=\"wp-image-52\" alt=\"12 couverts en ext\u00e9rieur\" srcset=\"https:\/\/villa-panama.fr\/wp-content\/uploads\/2021\/10\/9a8b67c8-5f36-46c4-a7af-8a9dff3c8785.jpeg 1440w, https:\/\/villa-panama.fr\/wp-content\/uploads\/2021\/10\/9a8b67c8-5f36-46c4-a7af-8a9dff3c8785-199x300.jpeg 199w, https:\/\/villa-panama.fr\/wp-content\/uploads\/2021\/10\/9a8b67c8-5f36-46c4-a7af-8a9dff3c8785-681x1024.jpeg 681w, https:\/\/villa-panama.fr\/wp-content\/uploads\/2021\/10\/9a8b67c8-5f36-46c4-a7af-8a9dff3c8785-768x1155.jpeg 768w, https:\/\/villa-panama.fr\/wp-content\/uploads\/2021\/10\/9a8b67c8-5f36-46c4-a7af-8a9dff3c8785-1021x1536.jpeg 1021w, https:\/\/villa-panama.fr\/wp-content\/uploads\/2021\/10\/9a8b67c8-5f36-46c4-a7af-8a9dff3c8785-1362x2048.jpeg 1362w\" sizes=\"100vw\" \/><\/noscript><img decoding=\"async\" fetchpriority=\"high\" width=\"1440\" height=\"2166\" src=\"https:\/\/villa-panama.fr\/wp-content\/uploads\/2021\/10\/9a8b67c8-5f36-46c4-a7af-8a9dff3c8785.jpeg\" class=\"wp-image-52 vp-lazyload\" alt=\"12 couverts en ext\u00e9rieur\" srcset=\"data:image\/svg+xml;base64,PHN2ZyB3aWR0aD0iMTQ0MCIgaGVpZ2h0PSIyMTY2IiB2aWV3Qm94PSIwIDAgMTQ0MCAyMTY2IiBmaWxsPSJub25lIiB4bWxucz0iaHR0cDovL3d3dy53My5vcmcvMjAwMC9zdmciPjwvc3ZnPg==\" data-src=\"https:\/\/villa-panama.fr\/wp-content\/uploads\/2021\/10\/9a8b67c8-5f36-46c4-a7af-8a9dff3c8785.jpeg\" data-srcset=\"https:\/\/villa-panama.fr\/wp-content\/uploads\/2021\/10\/9a8b67c8-5f36-46c4-a7af-8a9dff3c8785.jpeg 1440w, https:\/\/villa-panama.fr\/wp-content\/uploads\/2021\/10\/9a8b67c8-5f36-46c4-a7af-8a9dff3c8785-199x300.jpeg 199w, https:\/\/villa-panama.fr\/wp-content\/uploads\/2021\/10\/9a8b67c8-5f36-46c4-a7af-8a9dff3c8785-681x1024.jpeg 681w, https:\/\/villa-panama.fr\/wp-content\/uploads\/2021\/10\/9a8b67c8-5f36-46c4-a7af-8a9dff3c8785-768x1155.jpeg 768w, https:\/\/villa-panama.fr\/wp-content\/uploads\/2021\/10\/9a8b67c8-5f36-46c4-a7af-8a9dff3c8785-1021x1536.jpeg 1021w, https:\/\/villa-panama.fr\/wp-content\/uploads\/2021\/10\/9a8b67c8-5f36-46c4-a7af-8a9dff3c8785-1362x2048.jpeg 1362w\" data-sizes=\"auto\" loading=\"eager\">\n\t\t<\/a>\t<\/div>\n<\/div>\n\t<figcaption class=\"vp-portfolio__item-overlay vp-portfolio__item-overlay-text-align-center\">\n\t\t<div class=\"vp-portfolio__item-meta-wrap vp-portfolio__custom-scrollbar\">\n\t\t\t\t<a\n\t\thref=\"https:\/\/villa-panama.fr\/wp-content\/uploads\/2021\/10\/9a8b67c8-5f36-46c4-a7af-8a9dff3c8785.jpeg\"\n\t\ttabindex=\"-1\" class=\"vp-portfolio__item-meta\" \t>\n\t\n<h2 class=\"vp-portfolio__item-meta-title\">\n\t12 couverts en ext\u00e9rieur<\/h2>\n<\/a>\t\t<\/div>\n\t<\/figcaption>\n\t\t\t<\/figure>\n\t\t\t\t\t<\/div>\n\t\t\n\t\t<div\t\tclass=\"vp-portfolio__item-wrap vp-portfolio__item-uid-5ed54d51\" data-vp-filter=\"\" \t\t>\n\t\t\t<template class=\"vp-portfolio__item-popup\" data-vp-popup-img=\"https:\/\/villa-panama.fr\/wp-content\/uploads\/2021\/10\/9de8fcb4-cb6c-407b-bfd6-d3001c2c8815.jpeg\" data-vp-popup-img-srcset=\"https:\/\/villa-panama.fr\/wp-content\/uploads\/2021\/10\/9de8fcb4-cb6c-407b-bfd6-d3001c2c8815.jpeg 1440w, https:\/\/villa-panama.fr\/wp-content\/uploads\/2021\/10\/9de8fcb4-cb6c-407b-bfd6-d3001c2c8815-300x225.jpeg 300w, https:\/\/villa-panama.fr\/wp-content\/uploads\/2021\/10\/9de8fcb4-cb6c-407b-bfd6-d3001c2c8815-1024x768.jpeg 1024w, https:\/\/villa-panama.fr\/wp-content\/uploads\/2021\/10\/9de8fcb4-cb6c-407b-bfd6-d3001c2c8815-768x576.jpeg 768w\" data-vp-popup-img-size=\"1440x1080\" data-vp-popup-md-img=\"https:\/\/villa-panama.fr\/wp-content\/uploads\/2021\/10\/9de8fcb4-cb6c-407b-bfd6-d3001c2c8815.jpeg\" data-vp-popup-md-img-size=\"800x600\" data-vp-popup-sm-img=\"https:\/\/villa-panama.fr\/wp-content\/uploads\/2021\/10\/9de8fcb4-cb6c-407b-bfd6-d3001c2c8815.jpeg\" data-vp-popup-sm-img-size=\"500x375\">\n\t\t\t<h3 class=\"vp-portfolio__item-popup-title\">Vue de la campagne, depuis la terrasse.<\/h3>\n\t\t<\/template>\n\t\t\t\t\t\t<figure class=\"vp-portfolio__item\">\n\t\t\t\t\n<div class=\"vp-portfolio__item-img-wrap\">\n\t<div class=\"vp-portfolio__item-img\">\n\t\t\t<a\n\t\thref=\"https:\/\/villa-panama.fr\/wp-content\/uploads\/2021\/10\/9de8fcb4-cb6c-407b-bfd6-d3001c2c8815.jpeg\"\n\t\t\t>\n\t\n\t\t<noscript><img decoding=\"async\" loading=\"lazy\" width=\"1440\" height=\"1080\" data-skip-lazy src=\"https:\/\/villa-panama.fr\/wp-content\/uploads\/2021\/10\/9de8fcb4-cb6c-407b-bfd6-d3001c2c8815.jpeg\" class=\"wp-image-53\" alt=\"Vue de la campagne, depuis la terrasse.\" srcset=\"https:\/\/villa-panama.fr\/wp-content\/uploads\/2021\/10\/9de8fcb4-cb6c-407b-bfd6-d3001c2c8815.jpeg 1440w, https:\/\/villa-panama.fr\/wp-content\/uploads\/2021\/10\/9de8fcb4-cb6c-407b-bfd6-d3001c2c8815-300x225.jpeg 300w, https:\/\/villa-panama.fr\/wp-content\/uploads\/2021\/10\/9de8fcb4-cb6c-407b-bfd6-d3001c2c8815-1024x768.jpeg 1024w, https:\/\/villa-panama.fr\/wp-content\/uploads\/2021\/10\/9de8fcb4-cb6c-407b-bfd6-d3001c2c8815-768x576.jpeg 768w\" sizes=\"100vw\" \/><\/noscript><img decoding=\"async\" width=\"1440\" height=\"1080\" src=\"https:\/\/villa-panama.fr\/wp-content\/uploads\/2021\/10\/9de8fcb4-cb6c-407b-bfd6-d3001c2c8815.jpeg\" class=\"wp-image-53 vp-lazyload\" alt=\"Vue de la campagne, depuis la terrasse.\" srcset=\"data:image\/svg+xml;base64,PHN2ZyB3aWR0aD0iMTQ0MCIgaGVpZ2h0PSIxMDgwIiB2aWV3Qm94PSIwIDAgMTQ0MCAxMDgwIiBmaWxsPSJub25lIiB4bWxucz0iaHR0cDovL3d3dy53My5vcmcvMjAwMC9zdmciPjwvc3ZnPg==\" data-src=\"https:\/\/villa-panama.fr\/wp-content\/uploads\/2021\/10\/9de8fcb4-cb6c-407b-bfd6-d3001c2c8815.jpeg\" data-srcset=\"https:\/\/villa-panama.fr\/wp-content\/uploads\/2021\/10\/9de8fcb4-cb6c-407b-bfd6-d3001c2c8815.jpeg 1440w, https:\/\/villa-panama.fr\/wp-content\/uploads\/2021\/10\/9de8fcb4-cb6c-407b-bfd6-d3001c2c8815-300x225.jpeg 300w, https:\/\/villa-panama.fr\/wp-content\/uploads\/2021\/10\/9de8fcb4-cb6c-407b-bfd6-d3001c2c8815-1024x768.jpeg 1024w, https:\/\/villa-panama.fr\/wp-content\/uploads\/2021\/10\/9de8fcb4-cb6c-407b-bfd6-d3001c2c8815-768x576.jpeg 768w\" data-sizes=\"auto\" loading=\"eager\">\n\t\t<\/a>\t<\/div>\n<\/div>\n\t<figcaption class=\"vp-portfolio__item-overlay vp-portfolio__item-overlay-text-align-center\">\n\t\t<div class=\"vp-portfolio__item-meta-wrap vp-portfolio__custom-scrollbar\">\n\t\t\t\t<a\n\t\thref=\"https:\/\/villa-panama.fr\/wp-content\/uploads\/2021\/10\/9de8fcb4-cb6c-407b-bfd6-d3001c2c8815.jpeg\"\n\t\ttabindex=\"-1\" class=\"vp-portfolio__item-meta\" \t>\n\t\n<h2 class=\"vp-portfolio__item-meta-title\">\n\tVue de la campagne, depuis la terrasse.<\/h2>\n<\/a>\t\t<\/div>\n\t<\/figcaption>\n\t\t\t<\/figure>\n\t\t\t\t\t<\/div>\n\t\t\n\t\t<div\t\tclass=\"vp-portfolio__item-wrap vp-portfolio__item-uid-c2f766ab\" data-vp-filter=\"\" \t\t>\n\t\t\t<template class=\"vp-portfolio__item-popup\" data-vp-popup-img=\"https:\/\/villa-panama.fr\/wp-content\/uploads\/2021\/10\/16d2b566-294a-47a1-849c-f458eb9952e2.jpeg\" data-vp-popup-img-srcset=\"https:\/\/villa-panama.fr\/wp-content\/uploads\/2021\/10\/16d2b566-294a-47a1-849c-f458eb9952e2.jpeg 1440w, https:\/\/villa-panama.fr\/wp-content\/uploads\/2021\/10\/16d2b566-294a-47a1-849c-f458eb9952e2-300x225.jpeg 300w, https:\/\/villa-panama.fr\/wp-content\/uploads\/2021\/10\/16d2b566-294a-47a1-849c-f458eb9952e2-1024x768.jpeg 1024w, https:\/\/villa-panama.fr\/wp-content\/uploads\/2021\/10\/16d2b566-294a-47a1-849c-f458eb9952e2-768x576.jpeg 768w\" data-vp-popup-img-size=\"1440x1080\" data-vp-popup-md-img=\"https:\/\/villa-panama.fr\/wp-content\/uploads\/2021\/10\/16d2b566-294a-47a1-849c-f458eb9952e2.jpeg\" data-vp-popup-md-img-size=\"800x600\" data-vp-popup-sm-img=\"https:\/\/villa-panama.fr\/wp-content\/uploads\/2021\/10\/16d2b566-294a-47a1-849c-f458eb9952e2.jpeg\" data-vp-popup-sm-img-size=\"500x375\">\n\t\t\t<h3 class=\"vp-portfolio__item-popup-title\">Salle \u00e0 manger avec table pour 15<\/h3>\n\t\t<\/template>\n\t\t\t\t\t\t<figure class=\"vp-portfolio__item\">\n\t\t\t\t\n<div class=\"vp-portfolio__item-img-wrap\">\n\t<div class=\"vp-portfolio__item-img\">\n\t\t\t<a\n\t\thref=\"https:\/\/villa-panama.fr\/wp-content\/uploads\/2021\/10\/16d2b566-294a-47a1-849c-f458eb9952e2.jpeg\"\n\t\t\t>\n\t\n\t\t<noscript><img decoding=\"async\" loading=\"lazy\" width=\"1440\" height=\"1080\" data-skip-lazy src=\"https:\/\/villa-panama.fr\/wp-content\/uploads\/2021\/10\/16d2b566-294a-47a1-849c-f458eb9952e2.jpeg\" class=\"wp-image-54\" alt=\"Salle \u00e0 manger avec table pour 15\" srcset=\"https:\/\/villa-panama.fr\/wp-content\/uploads\/2021\/10\/16d2b566-294a-47a1-849c-f458eb9952e2.jpeg 1440w, https:\/\/villa-panama.fr\/wp-content\/uploads\/2021\/10\/16d2b566-294a-47a1-849c-f458eb9952e2-300x225.jpeg 300w, https:\/\/villa-panama.fr\/wp-content\/uploads\/2021\/10\/16d2b566-294a-47a1-849c-f458eb9952e2-1024x768.jpeg 1024w, https:\/\/villa-panama.fr\/wp-content\/uploads\/2021\/10\/16d2b566-294a-47a1-849c-f458eb9952e2-768x576.jpeg 768w\" sizes=\"100vw\" \/><\/noscript><img decoding=\"async\" width=\"1440\" height=\"1080\" src=\"https:\/\/villa-panama.fr\/wp-content\/uploads\/2021\/10\/16d2b566-294a-47a1-849c-f458eb9952e2.jpeg\" class=\"wp-image-54 vp-lazyload\" alt=\"Salle \u00e0 manger avec table pour 15\" srcset=\"data:image\/svg+xml;base64,PHN2ZyB3aWR0aD0iMTQ0MCIgaGVpZ2h0PSIxMDgwIiB2aWV3Qm94PSIwIDAgMTQ0MCAxMDgwIiBmaWxsPSJub25lIiB4bWxucz0iaHR0cDovL3d3dy53My5vcmcvMjAwMC9zdmciPjwvc3ZnPg==\" data-src=\"https:\/\/villa-panama.fr\/wp-content\/uploads\/2021\/10\/16d2b566-294a-47a1-849c-f458eb9952e2.jpeg\" data-srcset=\"https:\/\/villa-panama.fr\/wp-content\/uploads\/2021\/10\/16d2b566-294a-47a1-849c-f458eb9952e2.jpeg 1440w, https:\/\/villa-panama.fr\/wp-content\/uploads\/2021\/10\/16d2b566-294a-47a1-849c-f458eb9952e2-300x225.jpeg 300w, https:\/\/villa-panama.fr\/wp-content\/uploads\/2021\/10\/16d2b566-294a-47a1-849c-f458eb9952e2-1024x768.jpeg 1024w, https:\/\/villa-panama.fr\/wp-content\/uploads\/2021\/10\/16d2b566-294a-47a1-849c-f458eb9952e2-768x576.jpeg 768w\" data-sizes=\"auto\" loading=\"eager\">\n\t\t<\/a>\t<\/div>\n<\/div>\n\t<figcaption class=\"vp-portfolio__item-overlay vp-portfolio__item-overlay-text-align-center\">\n\t\t<div class=\"vp-portfolio__item-meta-wrap vp-portfolio__custom-scrollbar\">\n\t\t\t\t<a\n\t\thref=\"https:\/\/villa-panama.fr\/wp-content\/uploads\/2021\/10\/16d2b566-294a-47a1-849c-f458eb9952e2.jpeg\"\n\t\ttabindex=\"-1\" class=\"vp-portfolio__item-meta\" \t>\n\t\n<h2 class=\"vp-portfolio__item-meta-title\">\n\tSalle \u00e0 manger avec table pour 15 personnes<\/h2>\n<\/a>\t\t<\/div>\n\t<\/figcaption>\n\t\t\t<\/figure>\n\t\t\t\t\t<\/div>\n\t\t\n<\/div>\n\t\t<\/div>\n\t\t\n<\/div>\n<\/div>\n\n\n<div class=\"wp-block-buttons is-content-justification-center is-layout-flex wp-block-buttons-is-layout-flex\"><\/div>\n<\/div>\n\n\n\n<div class=\"wp-block-column is-layout-flow wp-block-column-is-layout-flow\" style=\"flex-basis:25%\"><\/div>\n<\/div>\n\n\n\n<div class=\"wp-block-columns is-layout-flex wp-container-13 wp-block-columns-is-layout-flex\">\n<div class=\"wp-block-column is-layout-flow wp-block-column-is-layout-flow\" style=\"flex-basis:25%\"><\/div>\n\n\n\n<div class=\"wp-block-column is-layout-flow wp-block-column-is-layout-flow\" style=\"flex-basis:50%\">\n<p>Venez louer cette magnifique villa en bourgogne enti\u00e8rement \u00e9quip\u00e9e pour vos r\u00e9unions de famille ou retrouvailles entre amis. La villa Panama contient tous les services dont vous aurez besoin pour passer un bon s\u00e9jour.<\/p>\n<\/div>\n\n\n\n<div class=\"wp-block-column is-layout-flow wp-block-column-is-layout-flow\" style=\"flex-basis:25%\"><\/div>\n<\/div>\n\n\n\n<div class=\"wp-block-buttons is-layout-flex wp-block-buttons-is-layout-flex\"><\/div>\n\n\n\n<h2 class=\"has-text-align-center wp-block-heading\"><strong>Services et \u00e9quipements<\/strong><\/h2>\n\n\n\n<div class=\"wp-block-columns is-layout-flex wp-container-21 wp-block-columns-is-layout-flex\">\n<div class=\"wp-block-column is-layout-flow wp-block-column-is-layout-flow\" style=\"flex-basis:25%\"><\/div>\n\n\n\n<div class=\"wp-block-column is-layout-flow wp-block-column-is-layout-flow\" style=\"flex-basis:50%\">\n<div class=\"wp-block-columns is-layout-flex wp-container-18 wp-block-columns-is-layout-flex\">\n<div class=\"wp-block-column is-vertically-aligned-top is-layout-flow wp-block-column-is-layout-flow\">\n<p><i class=\"fas fa-wifi\"><\/i> <strong>Internet<\/strong><br>Wi-Fi disponible<\/p>\n\n\n\n<p><i class=\"fas fa-parking\"><\/i><strong> Parking et transports<\/strong><br>Stationnement sur place<br>Station de recharge pour voiture \u00e9lectrique sur place<\/p>\n\n\n\n<p><i class=\"fas fa-futbol\"><\/i><strong> Pour les familles<\/strong><br>Jouets pour enfants<br>Trampoline<br>Piscine pour enfants<br>Baby-foot<br>Fl\u00e9chettes<br>Jeux de soci\u00e9t\u00e9<\/p>\n\n\n\n<p><i class=\"fas fa-sink\"><\/i> <strong>Cuisine<\/strong><br>R\u00e9frig\u00e9rateur cong\u00e9lateur<br>Cuisini\u00e8re \u00e0 gaz<br>Micro-ondes<br>Four<br>Lave-vaisselle<br>Grille-pain<br>Bouilloire \u00e9lectrique<br>Cafeti\u00e8res : classique, Sens\u00e9o, italienne<br>Mixeur<\/p>\n\n\n\n<p><i class=\"fas fa-bed\"><\/i><strong> Chambres<\/strong><br>5 chambres<br>Draps fournis sans suppl\u00e9ment<\/p>\n\n\n\n<p><i class=\"fas fa-shower\"><\/i> <strong>Salles de bain<\/strong><br>4 salles d&rsquo;eau<br>avec douche<br>S\u00e8che-cheveux<br>Papier toilette<br>Savon<br>Serviettes fournies sans suppl\u00e9ment<\/p>\n<\/div>\n\n\n\n<div class=\"wp-block-column is-layout-flow wp-block-column-is-layout-flow\">\n<p><i class=\"fas fa-check\"><\/i> <strong>Divertissements<\/strong><br>T\u00e9l\u00e9vision <br>Lecteur de DVD<br>Livres adultes et enfants<br>Vid\u00e9oth\u00e8que<br>Cha\u00eene hi-fi<\/p>\n\n\n\n<p><strong> Espaces ext\u00e9rieurs<\/strong><br>Balcon<br>Terrasse plein sud<br>Barbecue<br>Grand espace vert<br>Jeu de boules<\/p>\n\n\n\n<p><i class=\"fas fa-tshirt\"><\/i><strong> Blanchisserie<\/strong><br>Lave linge<br>S\u00e8che linge<\/p>\n\n\n\n<p><i class=\"fas fa-paw\"><\/i> <strong>Animaux de compagnie<\/strong><br>Animaux de compagnie bienvenus<\/p>\n\n\n\n<p><i class=\"fas fa-concierge-bell\"><\/i> <strong>Services et \u00e9quipements<\/strong><br>Fer et planche \u00e0 repasser<br>\u00c9tablissement non-fumeurs<\/p>\n\n\n\n<p><\/p>\n\n\n\n<p><i class=\"fas fa-users\"><\/i><strong> Aper\u00e7u g\u00e9n\u00e9ral<\/strong><br>15 personnes<\/p>\n\n\n\n<p><i class=\"fas fa-couch\"><\/i><strong> Espaces de vie<\/strong><br>Salon TV<br>Salle \u00e0 manger 15 couverts<br>Caveau am\u00e9nag\u00e9<\/p>\n<\/div>\n<\/div>\n\n\n\n<p><\/p>\n<\/div>\n\n\n\n<div class=\"wp-block-column is-layout-flow wp-block-column-is-layout-flow\" style=\"flex-basis:25%\"><\/div>\n<\/div>\n\n\n\n<h3 class=\"has-text-align-center wp-block-heading\">O\u00f9 sommes-nous en bourgogne?<\/h3>\n\n\n\n<div class=\"wp-block-columns is-layout-flex wp-container-25 wp-block-columns-is-layout-flex\">\n<div class=\"wp-block-column is-layout-flow wp-block-column-is-layout-flow\" style=\"flex-basis:25%\"><\/div>\n\n\n\n<div class=\"wp-block-column is-layout-flow wp-block-column-is-layout-flow\" style=\"flex-basis:50%\">\n<iframe src=\"https:\/\/www.google.com\/maps\/embed?pb=!1m18!1m12!1m3!1d67178.65293323698!2d4.674508282717355!3d47.26399006696944!2m3!1f0!2f0!3f0!3m2!1i1024!2i768!4f13.1!3m3!1m2!1s0x47f27d94d9083343%3A0xaa95a21d90021638!2s21410%20Barbirey-sur-Ouche!5e0!3m2!1sfr!2sfr!4v1633387007679!5m2!1sfr!2sfr\" style=\"border:0;\" allowfullscreen=\"\" loading=\"lazy\" width=\"100%\" height=\"450\"><\/iframe>\n<\/div>\n\n\n\n<div class=\"wp-block-column is-layout-flow wp-block-column-is-layout-flow\" style=\"flex-basis:25%\"><\/div>\n<\/div>\n\n\n\n<div class=\"wp-block-buttons is-content-justification-center is-layout-flex wp-block-buttons-is-layout-flex\">\n<div class=\"wp-block-button\"><a class=\"wp-block-button__link\">je reserve<\/a><\/div>\n<\/div>\n\n\n\n<div style=\"height:100px\" aria-hidden=\"true\" class=\"wp-block-spacer\"><\/div>","protected":false},"excerpt":{"rendered":"<p>Passez un moment inoubliable en famille ou entre amis dans une superbe villa ancienne en Bourgogne Villa class\u00e9e \u00ab\u00a0meubl\u00e9 de tourisme 3 \u00e9toiles\u00a0\u00bb pour 15 personnes Venez louer cette magnifique villa en bourgogne enti\u00e8rement \u00e9quip\u00e9e pour vos r\u00e9unions de famille ou retrouvailles entre amis. La villa Panama contient tous les services dont vous aurez besoin &hellip; <\/p>\n<p class=\"link-more\"><a href=\"https:\/\/villa-panama.fr\/en\/\" class=\"more-link\">Read more<span class=\"screen-reader-text\"> \u00ab\u00a0Accueil\u00a0\u00bb<\/span><\/a><\/p>","protected":false},"author":1,"featured_media":0,"parent":0,"menu_order":0,"comment_status":"closed","ping_status":"closed","template":"page-templates\/homepage-builder-bb.php","meta":{"footnotes":"","_vp_format_video_url":"","_vp_image_focal_point":[]},"yoast_head":"<!-- This site is optimized with the Yoast SEO plugin v22.6 - https:\/\/yoast.com\/wordpress\/plugins\/seo\/ -->\n<title>R\u00e9server la Villa Panama \u00e0 Barbirey-sur-Ouche<\/title>\n<meta name=\"description\" content=\"Venez louer cette magnifique maison de ma\u00eetre en bourgogne enti\u00e8rement \u00e9quip\u00e9 pour vos r\u00e9unions de famille ou \u00e9v\u00e8nements festifs.\" \/>\n<meta name=\"robots\" content=\"index, follow, max-snippet:-1, max-image-preview:large, max-video-preview:-1\" \/>\n<link rel=\"canonical\" href=\"https:\/\/villa-panama.fr\/en\/\" \/>\n<meta property=\"og:locale\" content=\"en_GB\" \/>\n<meta property=\"og:type\" content=\"article\" \/>\n<meta property=\"og:title\" content=\"R\u00e9server la Villa Panama \u00e0 Barbirey-sur-Ouche\" \/>\n<meta property=\"og:description\" content=\"Venez louer cette magnifique maison de ma\u00eetre en bourgogne enti\u00e8rement \u00e9quip\u00e9 pour vos r\u00e9unions de famille ou \u00e9v\u00e8nements festifs.\" \/>\n<meta property=\"og:url\" content=\"https:\/\/villa-panama.fr\/en\/\" \/>\n<meta property=\"og:site_name\" content=\"Villa Panama\" \/>\n<meta property=\"article:modified_time\" content=\"2023-09-30T19:00:55+00:00\" \/>\n<meta name=\"twitter:card\" content=\"summary_large_image\" \/>\n<meta name=\"twitter:label1\" content=\"Estimated reading time\" \/>\n\t<meta name=\"twitter:data1\" content=\"2 minutes\" \/>\n<script type=\"application\/ld+json\" class=\"yoast-schema-graph\">{\"@context\":\"https:\/\/schema.org\",\"@graph\":[{\"@type\":\"WebPage\",\"@id\":\"http:\/\/villa-panama.fr\/\",\"url\":\"http:\/\/villa-panama.fr\/\",\"name\":\"R\u00e9server la Villa Panama \u00e0 Barbirey-sur-Ouche\",\"isPartOf\":{\"@id\":\"https:\/\/villa-panama.fr\/#website\"},\"datePublished\":\"2021-10-04T19:38:40+00:00\",\"dateModified\":\"2023-09-30T19:00:55+00:00\",\"description\":\"Venez louer cette magnifique maison de ma\u00eetre en bourgogne enti\u00e8rement \u00e9quip\u00e9 pour vos r\u00e9unions de famille ou \u00e9v\u00e8nements festifs.\",\"breadcrumb\":{\"@id\":\"http:\/\/villa-panama.fr\/#breadcrumb\"},\"inLanguage\":\"en-GB\",\"potentialAction\":[{\"@type\":\"ReadAction\",\"target\":[\"http:\/\/villa-panama.fr\/\"]}]},{\"@type\":\"BreadcrumbList\",\"@id\":\"http:\/\/villa-panama.fr\/#breadcrumb\",\"itemListElement\":[{\"@type\":\"ListItem\",\"position\":1,\"name\":\"Accueil\",\"item\":\"http:\/\/villa-panama.fr\/\"},{\"@type\":\"ListItem\",\"position\":2,\"name\":\"Accueil\"}]},{\"@type\":\"WebSite\",\"@id\":\"https:\/\/villa-panama.fr\/#website\",\"url\":\"https:\/\/villa-panama.fr\/\",\"name\":\"Villa Panama\",\"description\":\"Barbirey-sur-Ouche\",\"potentialAction\":[{\"@type\":\"SearchAction\",\"target\":{\"@type\":\"EntryPoint\",\"urlTemplate\":\"https:\/\/villa-panama.fr\/?s={search_term_string}\"},\"query-input\":\"required name=search_term_string\"}],\"inLanguage\":\"en-GB\"}]}<\/script>\n<!-- \/ Yoast SEO plugin. -->","yoast_head_json":{"title":"R\u00e9server la Villa Panama \u00e0 Barbirey-sur-Ouche","description":"Venez louer cette magnifique maison de ma\u00eetre en bourgogne enti\u00e8rement \u00e9quip\u00e9 pour vos r\u00e9unions de famille ou \u00e9v\u00e8nements festifs.","robots":{"index":"index","follow":"follow","max-snippet":"max-snippet:-1","max-image-preview":"max-image-preview:large","max-video-preview":"max-video-preview:-1"},"canonical":"https:\/\/villa-panama.fr\/en\/","og_locale":"en_GB","og_type":"article","og_title":"R\u00e9server la Villa Panama \u00e0 Barbirey-sur-Ouche","og_description":"Venez louer cette magnifique maison de ma\u00eetre en bourgogne enti\u00e8rement \u00e9quip\u00e9 pour vos r\u00e9unions de famille ou \u00e9v\u00e8nements festifs.","og_url":"https:\/\/villa-panama.fr\/en\/","og_site_name":"Villa Panama","article_modified_time":"2023-09-30T19:00:55+00:00","twitter_card":"summary_large_image","twitter_misc":{"Estimated reading time":"2 minutes"},"schema":{"@context":"https:\/\/schema.org","@graph":[{"@type":"WebPage","@id":"http:\/\/villa-panama.fr\/","url":"http:\/\/villa-panama.fr\/","name":"R\u00e9server la Villa Panama \u00e0 Barbirey-sur-Ouche","isPartOf":{"@id":"https:\/\/villa-panama.fr\/#website"},"datePublished":"2021-10-04T19:38:40+00:00","dateModified":"2023-09-30T19:00:55+00:00","description":"Venez louer cette magnifique maison de ma\u00eetre en bourgogne enti\u00e8rement \u00e9quip\u00e9 pour vos r\u00e9unions de famille ou \u00e9v\u00e8nements festifs.","breadcrumb":{"@id":"http:\/\/villa-panama.fr\/#breadcrumb"},"inLanguage":"en-GB","potentialAction":[{"@type":"ReadAction","target":["http:\/\/villa-panama.fr\/"]}]},{"@type":"BreadcrumbList","@id":"http:\/\/villa-panama.fr\/#breadcrumb","itemListElement":[{"@type":"ListItem","position":1,"name":"Accueil","item":"http:\/\/villa-panama.fr\/"},{"@type":"ListItem","position":2,"name":"Accueil"}]},{"@type":"WebSite","@id":"https:\/\/villa-panama.fr\/#website","url":"https:\/\/villa-panama.fr\/","name":"Villa Panama","description":"Barbirey-sur-Ouche","potentialAction":[{"@type":"SearchAction","target":{"@type":"EntryPoint","urlTemplate":"https:\/\/villa-panama.fr\/?s={search_term_string}"},"query-input":"required name=search_term_string"}],"inLanguage":"en-GB"}]}},"_links":{"self":[{"href":"https:\/\/villa-panama.fr\/en\/wp-json\/wp\/v2\/pages\/92"}],"collection":[{"href":"https:\/\/villa-panama.fr\/en\/wp-json\/wp\/v2\/pages"}],"about":[{"href":"https:\/\/villa-panama.fr\/en\/wp-json\/wp\/v2\/types\/page"}],"author":[{"embeddable":true,"href":"https:\/\/villa-panama.fr\/en\/wp-json\/wp\/v2\/users\/1"}],"replies":[{"embeddable":true,"href":"https:\/\/villa-panama.fr\/en\/wp-json\/wp\/v2\/comments?post=92"}],"version-history":[{"count":18,"href":"https:\/\/villa-panama.fr\/en\/wp-json\/wp\/v2\/pages\/92\/revisions"}],"predecessor-version":[{"id":260,"href":"https:\/\/villa-panama.fr\/en\/wp-json\/wp\/v2\/pages\/92\/revisions\/260"}],"wp:attachment":[{"href":"https:\/\/villa-panama.fr\/en\/wp-json\/wp\/v2\/media?parent=92"}],"curies":[{"name":"wp","href":"https:\/\/api.w.org\/{rel}","templated":true}]}}